{"id":5,"date":"2019-09-30T13:00:20","date_gmt":"2019-09-30T13:00:20","guid":{"rendered":"https:\/\/codeless.co\/regn\/lawyer\/?page_id=5"},"modified":"2022-11-08T09:00:52","modified_gmt":"2022-11-08T09:00:52","slug":"home","status":"publish","type":"page","link":"https:\/\/lotustradeunion.com\/en\/","title":{"rendered":"Home"},"content":{"rendered":"<div data-vc-full-width=\"true\" data-vc-full-width-init=\"false\" data-vc-stretch-content=\"true\" class=\"vc_row wpb_row vc_row-fluid vc_custom_1570294221101\"><div class=\"wpb_column vc_column_container vc_col-sm-12 cl-skin-dark\"><div class=\"vc_column-inner\"><div class=\"wpb_wrapper\">\n\t\t\t<!-- START home 1 REVOLUTION SLIDER 6.5.15 --><p class=\"rs-p-wp-fix\"><\/p>\n\t\t\t<rs-module-wrap id=\"rev_slider_2_1_wrapper\" data-source=\"gallery\" style=\"visibility:hidden;background:transparent;padding:0;margin:0px auto;margin-top:0;margin-bottom:0;\">\n\t\t\t\t<rs-module id=\"rev_slider_2_1\" style=\"\" data-version=\"6.5.15\">\n\t\t\t\t\t<rs-slides>\n\t\t\t\t\t\t<rs-slide style=\"position: absolute;\" data-key=\"rs-2\" data-title=\"Slide\" data-in=\"o:0;\" data-out=\"a:false;\">\n\t\t\t\t\t\t\t<img src=\"\/\/lotustradeunion.com\/wp-content\/plugins\/revslider\/public\/assets\/assets\/dummy.png\" alt=\"\" title=\"slider5\" width=\"1024\" height=\"510\" class=\"rev-slidebg tp-rs-img rs-lazyload\" data-lazyload=\"\/\/lotustradeunion.com\/wp-content\/uploads\/2022\/10\/slider5.jpg\" data-no-retina>\n<!--\n\t\t\t\t\t\t\t--><rs-layer\n\t\t\t\t\t\t\t\tid=\"slider-2-slide-2-layer-0\" \n\t\t\t\t\t\t\t\tdata-type=\"text\"\n\t\t\t\t\t\t\t\tdata-rsp_ch=\"on\"\n\t\t\t\t\t\t\t\tdata-xy=\"x:c;xo:-208px,-208px,0,0;y:m;yo:-223px,-223px,-223px,-173px;\"\n\t\t\t\t\t\t\t\tdata-text=\"s:88,88,88,64;l:111;a:inherit;\"\n\t\t\t\t\t\t\t\tdata-frame_0=\"o:1;\"\n\t\t\t\t\t\t\t\tdata-frame_0_chars=\"d:5;o:0;rX:90deg;oZ:-50;\"\n\t\t\t\t\t\t\t\tdata-frame_1=\"st:920;sp:3000;sR:920;\"\n\t\t\t\t\t\t\t\tdata-frame_1_chars=\"e:power4.inOut;d:10;oZ:-50;\"\n\t\t\t\t\t\t\t\tdata-frame_999=\"o:0;st:w;sR:4580;\"\n\t\t\t\t\t\t\t\tstyle=\"z-index:10;font-family:'Marcellus';\"\n\t\t\t\t\t\t\t>TRADE \n\t\t\t\t\t\t\t<\/rs-layer><!--\n\n\t\t\t\t\t\t\t--><rs-layer\n\t\t\t\t\t\t\t\tid=\"slider-2-slide-2-layer-1\" \n\t\t\t\t\t\t\t\tdata-type=\"text\"\n\t\t\t\t\t\t\t\tdata-rsp_ch=\"on\"\n\t\t\t\t\t\t\t\tdata-xy=\"x:c;xo:-208px,-208px,0,0;y:m;yo:-133px,-133px,-133px,-106px;\"\n\t\t\t\t\t\t\t\tdata-text=\"s:88,88,88,64;l:111;a:inherit;\"\n\t\t\t\t\t\t\t\tdata-frame_0=\"o:1;\"\n\t\t\t\t\t\t\t\tdata-frame_0_chars=\"d:5;o:0;rX:90deg;oZ:-50;\"\n\t\t\t\t\t\t\t\tdata-frame_1=\"st:1820;sp:3000;sR:1820;\"\n\t\t\t\t\t\t\t\tdata-frame_1_chars=\"e:power4.inOut;d:10;oZ:-50;\"\n\t\t\t\t\t\t\t\tdata-frame_999=\"o:0;st:w;sR:3680;\"\n\t\t\t\t\t\t\t\tstyle=\"z-index:9;font-family:'Marcellus';\"\n\t\t\t\t\t\t\t>UNION \n\t\t\t\t\t\t\t<\/rs-layer><!--\n\n\t\t\t\t\t\t\t--><rs-layer\n\t\t\t\t\t\t\t\tid=\"slider-2-slide-2-layer-6\" \n\t\t\t\t\t\t\t\tdata-type=\"text\"\n\t\t\t\t\t\t\t\tdata-rsp_ch=\"on\"\n\t\t\t\t\t\t\t\tdata-xy=\"x:c;xo:-208px,-208px,0,0;y:m;yo:-316px,-316px,-316px,-240px;\"\n\t\t\t\t\t\t\t\tdata-text=\"s:88,88,88,64;l:88,88,88,111;a:inherit;\"\n\t\t\t\t\t\t\t\tdata-frame_0=\"o:1;\"\n\t\t\t\t\t\t\t\tdata-frame_0_chars=\"d:5;o:0;rX:90deg;oZ:-50;\"\n\t\t\t\t\t\t\t\tdata-frame_1=\"sp:3000;\"\n\t\t\t\t\t\t\t\tdata-frame_1_chars=\"e:power4.inOut;d:10;oZ:-50;\"\n\t\t\t\t\t\t\t\tdata-frame_999=\"o:0;st:w;sR:5500;\"\n\t\t\t\t\t\t\t\tstyle=\"z-index:8;font-family:'Marcellus';\"\n\t\t\t\t\t\t\t>LOTUS \n\t\t\t\t\t\t\t<\/rs-layer><!--\n\n\t\t\t\t\t\t\t--><rs-layer\n\t\t\t\t\t\t\t\tid=\"slider-2-slide-2-layer-7\" \n\t\t\t\t\t\t\t\tdata-type=\"text\"\n\t\t\t\t\t\t\t\tdata-rsp_ch=\"on\"\n\t\t\t\t\t\t\t\tdata-xy=\"x:c;xo:-168px,-138px,0,0;y:m;yo:-40px,-40px,-40px,-24px;\"\n\t\t\t\t\t\t\t\tdata-text=\"s:18,18,18,12;l:26,26,26,17;a:center;\"\n\t\t\t\t\t\t\t\tdata-vbility=\"t,t,f,t\"\n\t\t\t\t\t\t\t\tdata-frame_1=\"e:power4.inOut;st:2210;sp:3000;sR:2210;\"\n\t\t\t\t\t\t\t\tdata-frame_999=\"o:0;st:w;sR:3790;\"\n\t\t\t\t\t\t\t\tstyle=\"z-index:11;font-family:'Roboto';\"\n\t\t\t\t\t\t\t>LTU aims to provide services to individual investors,<br \/> professionals and institutions in financial markets on \"Financial Consulting and Coaching\"<br \/> for their own expectations and needs.\n \n\t\t\t\t\t\t\t<\/rs-layer><!--\n-->\t\t\t\t\t\t<\/rs-slide>\n\t\t\t\t\t<\/rs-slides>\n\t\t\t\t<\/rs-module>\n\t\t\t\t<script>\n\t\t\t\t\tsetREVStartSize({c: 'rev_slider_2_1',rl:[1240,1024,778,480],el:[800,768,960,720],gw:[1160,1024,778,480],gh:[800,768,960,720],type:'standard',justify:'',layout:'fullwidth',mh:\"0\"});if (window.RS_MODULES!==undefined && window.RS_MODULES.modules!==undefined && window.RS_MODULES.modules[\"revslider21\"]!==undefined) {window.RS_MODULES.modules[\"revslider21\"].once = false;window.revapi2 = undefined;if (window.RS_MODULES.checkMinimal!==undefined) window.RS_MODULES.checkMinimal()}\n\t\t\t\t<\/script>\n\t\t\t<\/rs-module-wrap>\n\t\t\t<!-- END REVOLUTION SLIDER -->\n<\/div><\/div><\/div><\/div><div class=\"vc_row-full-width vc_clearfix\"><\/div><div data-vc-full-width=\"true\" data-vc-full-width-init=\"false\" class=\"vc_row wpb_row vc_row-fluid sec1 vc_custom_1667508043963 vc_row-has-fill vc_row-o-full-height vc_row-o-columns-middle vc_row-o-equal-height vc_row-o-content-middle vc_row-flex\"><div class=\"wpb_column vc_column_container vc_col-sm-12 vc_col-lg-6 vc_col-md-6 cl-skin-dark\"><div class=\"vc_column-inner vc_custom_1570293375690\"><div class=\"wpb_wrapper\">\n\t<div  class=\"wpb_single_image wpb_content_element vc_align_left   fluid_img\">\n\t\t\n\t\t<figure class=\"wpb_wrapper vc_figure\">\n\t\t\t<div class=\"vc_single_image-wrapper   vc_box_border_grey\"><img width=\"540\" height=\"480\" src=\"https:\/\/lotustradeunion.com\/wp-content\/uploads\/2022\/10\/lotus2-1.png\" class=\"vc_single_image-img attachment-large\" alt=\"\" loading=\"lazy\" title=\"lotus2\" srcset=\"https:\/\/lotustradeunion.com\/wp-content\/uploads\/2022\/10\/lotus2-1.png 540w, https:\/\/lotustradeunion.com\/wp-content\/uploads\/2022\/10\/lotus2-1-300x267.png 300w\" sizes=\"(max-width: 540px) 100vw, 540px\" \/><\/div>\n\t\t<\/figure>\n\t<\/div>\n<\/div><\/div><\/div><div class=\"wpb_column vc_column_container vc_col-sm-12 vc_col-lg-6 vc_col-md-6 cl-skin-light\"><div class=\"vc_column-inner vc_custom_1570294965605\"><div class=\"wpb_wrapper\"><h2 style=\"font-size: 36px;color: #aea699;text-align: left;font-family:PT Serif;font-weight:400;font-style:normal\" class=\"vc_custom_heading vc_custom_1667554427111 cl_custom_heading_69e00e597b5a82-29229685\" >ABOUT US<\/h2>\n\t<div class=\"wpb_text_column wpb_content_element\" >\n\t\t<div class=\"wpb_wrapper\">\n\t\t\t<p>Lotus Trade Union took its name from the Lotus flower, which lives on the surface of the water independent of the soil and represents clarity and self-discovery in many cultures due to its self-cleaning feature.<\/p>\n<p>&nbsp;<\/p>\n<p>At LTU, we believe that each investor's perspective on the markets should be clear and unique, just like the lotus flower.<\/p>\n<p>&nbsp;<\/p>\n<p>In this context, we aim to provide services to individual investors, professionals and institutions in financial markets on \"Financial Consulting and Coaching\" for their own expectations and needs.<\/p>\n\n\t\t<\/div>\n\t<\/div>\n\n<div class=\"cl-element cl-button cl-button--align-left\">\n    <a href=\"https:\/\/lotustradeunion.com\/en\/about-us\/\" class=\"cl-btn cl-btn--color-alt cl-btn--style-square cl-btn--size-custom\">\n        <span>MORE\n<\/span>\n    <\/a>\n<\/div>\n\n<\/div><\/div><\/div><\/div><div class=\"vc_row-full-width vc_clearfix\"><\/div><div data-vc-full-width=\"true\" data-vc-full-width-init=\"false\" data-vc-stretch-content=\"true\" class=\"vc_row wpb_row vc_row-fluid sec4 vc_row-no-padding vc_row-o-equal-height vc_row-o-content-middle vc_row-flex\"><div class=\"wpb_column vc_column_container vc_col-sm-12 vc_col-lg-6 vc_col-md-6 cl-skin-light vc_col-has-fill\"><div class=\"vc_column-inner vc_custom_1667214469308\"><div class=\"wpb_wrapper\"><h2 style=\"font-size: 36px;color: #aea699;text-align: left;font-family:PT Serif;font-weight:400;font-style:normal\" class=\"vc_custom_heading cl_custom_heading_69e00e597c1de5-97198056\" >SERVICES<\/h2>\n\t<div class=\"wpb_text_column wpb_content_element  vc_custom_1667228119207\" >\n\t\t<div class=\"wpb_wrapper\">\n\t\t\t<p>You can be an investor who has just started to trade in the financial markets, or you can be a professional with experience trading in various markets for many years. In either case, trading will put the trader through an intense mental process.<\/p>\n<p>By \"Financial Advisory and Investment Coaching in this process, after providing information about your current and past financial situation; We create a special work plan just for you, by providing support on issues such as market selections, risk preferences and transaction types that are suitable for your character, expectations and needs.<\/p>\n<p>With this study, you both determine your own investment character in the process of achieving the success you aim for financial markets and you are affected at the lowest level by our continuous support from the psychological burnout that occurs during the process of your transaction.<\/p>\n\n\t\t<\/div>\n\t<\/div>\n\n<div class=\"cl-element cl-button cl-button--align-left\">\n    <a href=\"https:\/\/lotustradeunion.com\/en\/ne-yapiyoruz\/\" class=\"cl-btn cl-btn--color-alt cl-btn--style-square cl-btn--size-custom\">\n        <span>MORE\n<\/span>\n    <\/a>\n<\/div>\n\n<\/div><\/div><\/div><div class=\"column_fluid wpb_column vc_column_container vc_col-sm-12 vc_col-lg-6 vc_col-md-6 cl-skin-dark\"><div class=\"vc_column-inner\"><div class=\"wpb_wrapper\">\n\t<div  class=\"wpb_single_image wpb_content_element vc_align_left\">\n\t\t\n\t\t<figure class=\"wpb_wrapper vc_figure\">\n\t\t\t<div class=\"vc_single_image-wrapper   vc_box_border_grey\"><img width=\"2058\" height=\"1329\" src=\"https:\/\/lotustradeunion.com\/wp-content\/uploads\/2022\/10\/ne-yapiyorruz.jpg\" class=\"vc_single_image-img attachment-full\" alt=\"\" loading=\"lazy\" title=\"ne yap\u0131yorruz\" srcset=\"https:\/\/lotustradeunion.com\/wp-content\/uploads\/2022\/10\/ne-yapiyorruz.jpg 2058w, https:\/\/lotustradeunion.com\/wp-content\/uploads\/2022\/10\/ne-yapiyorruz-300x194.jpg 300w, https:\/\/lotustradeunion.com\/wp-content\/uploads\/2022\/10\/ne-yapiyorruz-1024x661.jpg 1024w, https:\/\/lotustradeunion.com\/wp-content\/uploads\/2022\/10\/ne-yapiyorruz-768x496.jpg 768w, https:\/\/lotustradeunion.com\/wp-content\/uploads\/2022\/10\/ne-yapiyorruz-1536x992.jpg 1536w, https:\/\/lotustradeunion.com\/wp-content\/uploads\/2022\/10\/ne-yapiyorruz-2048x1323.jpg 2048w\" sizes=\"(max-width: 2058px) 100vw, 2058px\" \/><\/div>\n\t\t<\/figure>\n\t<\/div>\n<\/div><\/div><\/div><\/div><div class=\"vc_row-full-width vc_clearfix\"><\/div><div class=\"vc_row wpb_row vc_row-fluid sec6\"><div class=\"wpb_column vc_column_container vc_col-sm-12 cl-skin-dark\"><div class=\"vc_column-inner vc_custom_1569856731362\"><div class=\"wpb_wrapper\"><h4 style=\"font-size: 36px;color: #aea699;text-align: center;font-family:PT Serif;font-weight:400;font-style:normal\" class=\"vc_custom_heading cl_custom_heading_69e00e597d1212-43999080\" >WRITE TO US<\/h4><div class=\"cl-element cl-contact-form cl-contact-form--style-minimal\">\n\n    <div role=\"form\" class=\"wpcf7\" id=\"wpcf7-f98-o1\" lang=\"en-US\" dir=\"ltr\">\n<div class=\"screen-reader-response\"><p role=\"status\" aria-live=\"polite\" aria-atomic=\"true\"><\/p> <ul><\/ul><\/div>\n<form action=\"\/en\/wp-json\/wp\/v2\/pages\/5#wpcf7-f98-o1\" method=\"post\" class=\"wpcf7-form init\" novalidate=\"novalidate\" data-status=\"init\" data-trp-original-action=\"\/en\/wp-json\/wp\/v2\/pages\/5#wpcf7-f98-o1\">\n<div style=\"display: none;\">\n<input type=\"hidden\" name=\"_wpcf7\" value=\"98\" \/>\n<input type=\"hidden\" name=\"_wpcf7_version\" value=\"5.6.3\" \/>\n<input type=\"hidden\" name=\"_wpcf7_locale\" value=\"en_US\" \/>\n<input type=\"hidden\" name=\"_wpcf7_unit_tag\" value=\"wpcf7-f98-o1\" \/>\n<input type=\"hidden\" name=\"_wpcf7_container_post\" value=\"0\" \/>\n<input type=\"hidden\" name=\"_wpcf7_posted_data_hash\" value=\"\" \/>\n<\/div>\n<p><span class=\"wpcf7-form-control-wrap\" data-name=\"your-name\"><input type=\"text\" name=\"your-name\" value=\"\" size=\"40\" class=\"wpcf7-form-control wpcf7-text wpcf7-validates-as-required\" aria-required=\"true\" aria-invalid=\"false\" placeholder=\"Name-Surname\" \/><\/span><br \/>\n<span class=\"wpcf7-form-control-wrap\" data-name=\"your-email\"><input type=\"email\" name=\"your-email\" value=\"\" size=\"40\" class=\"wpcf7-form-control wpcf7-text wpcf7-email wpcf7-validates-as-required wpcf7-validates-as-email\" aria-required=\"true\" aria-invalid=\"false\" placeholder=\"Email\" \/><\/span><br \/>\n<span class=\"wpcf7-form-control-wrap\" data-name=\"your-subject\"><input type=\"text\" name=\"your-subject\" value=\"\" size=\"40\" class=\"wpcf7-form-control wpcf7-text\" aria-invalid=\"false\" placeholder=\"Subject\" \/><\/span><br \/>\n<br \/>\n<span class=\"wpcf7-form-control-wrap\" data-name=\"your-message\"><textarea name=\"your-message\" cols=\"40\" rows=\"10\" class=\"wpcf7-form-control wpcf7-textarea\" aria-invalid=\"false\" placeholder=\"Your Message\"><\/textarea><\/span><br \/>\n<input type=\"submit\" value=\"Send\" class=\"wpcf7-form-control has-spinner wpcf7-submit\" \/><\/p>\n<div class=\"wpcf7-response-output\" aria-hidden=\"true\"><\/div><input type=\"hidden\" name=\"trp-form-language\" value=\"en\"\/><\/form><\/div>\n<\/div><\/div><\/div><\/div><\/div>","protected":false},"excerpt":{"rendered":"TRADE UNION LOTUS LTU finansal piyasalar i\u00e7indeki bireysel yat\u0131r\u0131mc\u0131lara, profesyonellere ve kurumlara, kendi beklentilerine ve ihtiya\u00e7lar\u0131na y\u00f6nelik \u201cFinansal Dan\u0131\u015fmanl\u0131k ve Ko\u00e7luk\u201d konusunda hizmet vermeyi ama\u00e7lamaktad\u0131r. HAKKIMIZDA Lotus Trade Union, ismini topraktan ba\u011f\u0131ms\u0131z su y\u00fczeyinde ya\u015fayan, kendisini temizleme \u00f6zelli\u011finden dolay\u0131 bir\u00e7ok [...]","protected":false},"author":1,"featured_media":0,"parent":0,"menu_order":0,"comment_status":"closed","ping_status":"closed","template":"","meta":[],"_links":{"self":[{"href":"https:\/\/lotustradeunion.com\/en\/wp-json\/wp\/v2\/pages\/5"}],"collection":[{"href":"https:\/\/lotustradeunion.com\/en\/wp-json\/wp\/v2\/pages"}],"about":[{"href":"https:\/\/lotustradeunion.com\/en\/wp-json\/wp\/v2\/types\/page"}],"author":[{"embeddable":true,"href":"https:\/\/lotustradeunion.com\/en\/wp-json\/wp\/v2\/users\/1"}],"replies":[{"embeddable":true,"href":"https:\/\/lotustradeunion.com\/en\/wp-json\/wp\/v2\/comments?post=5"}],"version-history":[{"count":54,"href":"https:\/\/lotustradeunion.com\/en\/wp-json\/wp\/v2\/pages\/5\/revisions"}],"predecessor-version":[{"id":469,"href":"https:\/\/lotustradeunion.com\/en\/wp-json\/wp\/v2\/pages\/5\/revisions\/469"}],"wp:attachment":[{"href":"https:\/\/lotustradeunion.com\/en\/wp-json\/wp\/v2\/media?parent=5"}],"curies":[{"name":"wp","href":"https:\/\/api.w.org\/{rel}","templated":true}]}}