{"id":489,"date":"2023-09-22T20:29:33","date_gmt":"2023-09-22T20:29:33","guid":{"rendered":"https:\/\/lotustradeunion.com\/?page_id=489"},"modified":"2023-09-22T20:43:13","modified_gmt":"2023-09-22T20:43:13","slug":"cenk-coruh-kimdir","status":"publish","type":"page","link":"https:\/\/lotustradeunion.com\/en\/cenk-coruh-kimdir\/","title":{"rendered":"Cenk \u00c7oruh"},"content":{"rendered":"<div class=\"vc_row wpb_row vc_row-fluid\"><div class=\"wpb_column vc_column_container vc_col-sm-6 cl-skin-dark\"><div class=\"vc_column-inner\"><div class=\"wpb_wrapper\">\n\t<div  class=\"wpb_single_image wpb_content_element vc_align_center\">\n\t\t\n\t\t<figure class=\"wpb_wrapper vc_figure\">\n\t\t\t<div class=\"vc_single_image-wrapper   vc_box_border_grey\"><img class=\"vc_single_image-img\" src=\"https:\/\/lotustradeunion.com\/wp-content\/uploads\/2023\/09\/cenk-coruh-kimdir-550x550.jpg\" width=\"550\" height=\"550\" alt=\"cenk-coruh-kimdir\" title=\"cenk-coruh-kimdir\" \/><\/div>\n\t\t<\/figure>\n\t<\/div>\n<\/div><\/div><\/div><div class=\"wpb_column vc_column_container vc_col-sm-6 cl-skin-dark\"><div class=\"vc_column-inner\"><div class=\"wpb_wrapper\"><h4 style=\"color: #000000;text-align: left\" class=\"vc_custom_heading cl_custom_heading_69e0245f5f51c4-78889543\" >LTU<\/h4><h2 style=\"font-size: 36px;color: #aea699;text-align: left;font-family:PT Serif;font-weight:400;font-style:normal\" class=\"vc_custom_heading cl_custom_heading_69e0245f5f6af1-73318461\" >Who is Cenk \u00c7oruh?<\/h2>\n\t<div class=\"wpb_text_column wpb_content_element\" >\n\t\t<div class=\"wpb_wrapper\">\n\t\t\t<p>Since 2007, Cenk \u00c7oruh has been actively involved in financial markets both as an employee and an investor. During this period, he has worked in the Stock Market, Commodities, Futures, Forex, and International trading markets.<\/p>\n<p>Over the years, after gaining experience in Technical Analysis, Fundamental Analysis, Elliott Wave Principles (EWP), Algorithmic Trading, and the application of these disciplines to the market, he focused on Neuro-Linguistic Programming (NLP), Behavioral Finance, and Trading Psychology, which he considers crucial for a healthy and stable investment process. He has organized seminars on these topics in collaboration with brokerage firms and Borsa Istanbul.<\/p>\n<p>A graduate of Yeditepe University (scholarship) with a major in Mathematics and a minor in Economics, Cenk \u00c7oruh is still actively trading in financial markets. He holds Level 3 Capital Market Activities and Derivative Instruments licenses.<\/p>\n\n\t\t<\/div>\n\t<\/div>\n<\/div><\/div><\/div><\/div><div data-vc-full-width=\"true\" data-vc-full-width-init=\"false\" class=\"vc_row wpb_row vc_row-fluid vc_custom_1667511132186 vc_row-has-fill\"><div class=\"wpb_column vc_column_container vc_col-sm-12 cl-skin-dark\"><div class=\"vc_column-inner\"><div class=\"wpb_wrapper\"><h4 style=\"font-size: 36px;color: #ffffff;text-align: center;font-family:PT Serif;font-weight:400;font-style:normal\" class=\"vc_custom_heading cl_custom_heading_69e0245f5fe643-57223343\" >GET IN TOUCH<\/h4>\n\t<div class=\"wpb_text_column wpb_content_element\" >\n\t\t<div class=\"wpb_wrapper\">\n\t\t\t<p style=\"text-align: center;\"><span style=\"color: #ffffff;\"><a style=\"color: #ffffff;\" href=\"mailto:cenkcoruh@lotustradeunion.com\">cenkcoruh@lotustradeunion.com<\/a><\/span><\/p>\n\n\t\t<\/div>\n\t<\/div>\n<\/div><\/div><\/div><\/div><div class=\"vc_row-full-width vc_clearfix\"><\/div>","protected":false},"excerpt":{"rendered":"LTUCENK \u00c7ORUH K\u0130MD\u0130R? 2007 y\u0131l\u0131ndan itibaren finansal piyasalarda hem \u00e7al\u0131\u015fan hem de yat\u0131r\u0131mc\u0131 olarak bulunan Cenk \u00c7oruh, bu s\u00fcre\u00e7te Hisse Senedi, Emtia, Vadeli \u0130\u015flemler, Forex ve Yurt D\u0131\u015f\u0131 i\u015flem piyasalar\u0131nda aktif olarak g\u00f6rev alm\u0131\u015ft\u0131r. Y\u0131llar i\u00e7inde Teknik Analiz, Temel Analiz, [...]","protected":false},"author":1,"featured_media":0,"parent":0,"menu_order":0,"comment_status":"closed","ping_status":"closed","template":"","meta":[],"_links":{"self":[{"href":"https:\/\/lotustradeunion.com\/en\/wp-json\/wp\/v2\/pages\/489"}],"collection":[{"href":"https:\/\/lotustradeunion.com\/en\/wp-json\/wp\/v2\/pages"}],"about":[{"href":"https:\/\/lotustradeunion.com\/en\/wp-json\/wp\/v2\/types\/page"}],"author":[{"embeddable":true,"href":"https:\/\/lotustradeunion.com\/en\/wp-json\/wp\/v2\/users\/1"}],"replies":[{"embeddable":true,"href":"https:\/\/lotustradeunion.com\/en\/wp-json\/wp\/v2\/comments?post=489"}],"version-history":[{"count":3,"href":"https:\/\/lotustradeunion.com\/en\/wp-json\/wp\/v2\/pages\/489\/revisions"}],"predecessor-version":[{"id":493,"href":"https:\/\/lotustradeunion.com\/en\/wp-json\/wp\/v2\/pages\/489\/revisions\/493"}],"wp:attachment":[{"href":"https:\/\/lotustradeunion.com\/en\/wp-json\/wp\/v2\/media?parent=489"}],"curies":[{"name":"wp","href":"https:\/\/api.w.org\/{rel}","templated":true}]}}