{"id":340,"date":"2022-11-03T18:21:28","date_gmt":"2022-11-03T18:21:28","guid":{"rendered":"http:\/\/lotustradeunion.com\/?page_id=340"},"modified":"2023-03-05T21:58:19","modified_gmt":"2023-03-05T21:58:19","slug":"ne-yapiyoruz","status":"publish","type":"page","link":"https:\/\/lotustradeunion.com\/en\/ne-yapiyoruz\/","title":{"rendered":"Services"},"content":{"rendered":"<div id=\"r20\" class=\"vc_row wpb_row vc_row-fluid vc_row-o-full-height vc_row-o-columns-middle vc_row-o-equal-height vc_row-o-content-middle vc_row-flex\"><div class=\"wpb_column vc_column_container vc_col-sm-6 cl-skin-dark vc_col-has-fill\"><div class=\"vc_column-inner vc_custom_1667501391419\"><div class=\"wpb_wrapper\">\n\t<div  class=\"wpb_single_image wpb_content_element vc_align_center\">\n\t\t\n\t\t<figure class=\"wpb_wrapper vc_figure\">\n\t\t\t<div class=\"vc_single_image-wrapper   vc_box_border_grey\"><img class=\"vc_single_image-img\" src=\"https:\/\/lotustradeunion.com\/wp-content\/uploads\/2022\/11\/finansal-kocluk-500x500.jpg\" width=\"500\" height=\"500\" alt=\"finansal-kocluk\" title=\"finansal-kocluk\" \/><\/div>\n\t\t<\/figure>\n\t<\/div>\n<\/div><\/div><\/div><div class=\"wpb_column vc_column_container vc_col-sm-6 cl-skin-dark\"><div class=\"vc_column-inner\"><div class=\"wpb_wrapper\"><h2 style=\"font-size: 36px;color: #aea699;text-align: center;font-family:PT Serif;font-weight:400;font-style:normal\" class=\"vc_custom_heading cl_custom_heading_69e023a4c160a8-85388851\" >Financial Consulting and Coaching<\/h2>\n\t<div class=\"wpb_text_column wpb_content_element  vc_custom_1667803478109\" >\n\t\t<div class=\"wpb_wrapper\">\n\t\t\t<p>By \"Financial Advisory and Investment Coaching in this process, after providing information about your current and past financial situation; We create a special work plan just for you, by providing support on issues such as market selections, risk preferences and transaction types that are suitable for your character, expectations and needs.<\/p>\n<p>&nbsp;<\/p>\n<p>With this study, you both determine your own investment character in the process of achieving the success you aim for financial markets and you are affected at the lowest level by our continuous support from the psychological burnout that occurs during the process of your transaction.<\/p>\n\n\t\t<\/div>\n\t<\/div>\n<\/div><\/div><\/div><\/div><div id=\"r21\" class=\"vc_row wpb_row vc_row-fluid vc_row-o-full-height vc_row-o-columns-middle vc_row-o-equal-height vc_row-o-content-middle vc_row-flex\"><div class=\"wpb_column vc_column_container vc_col-sm-6 cl-skin-dark vc_col-has-fill\"><div class=\"vc_column-inner vc_custom_1667501391419\"><div class=\"wpb_wrapper\">\n\t<div  class=\"wpb_single_image wpb_content_element vc_align_center\">\n\t\t\n\t\t<figure class=\"wpb_wrapper vc_figure\">\n\t\t\t<div class=\"vc_single_image-wrapper   vc_box_border_grey\"><img class=\"vc_single_image-img\" src=\"https:\/\/lotustradeunion.com\/wp-content\/uploads\/2022\/11\/arastirma-hizmetleri-500x500.jpg\" width=\"500\" height=\"500\" alt=\"arastirma-hizmetleri\" title=\"arastirma-hizmetleri\" \/><\/div>\n\t\t<\/figure>\n\t<\/div>\n<\/div><\/div><\/div><div class=\"wpb_column vc_column_container vc_col-sm-6 cl-skin-dark\"><div class=\"vc_column-inner\"><div class=\"wpb_wrapper\"><h2 style=\"font-size: 36px;color: #aea699;text-align: center;font-family:PT Serif;font-weight:400;font-style:normal\" class=\"vc_custom_heading cl_custom_heading_69e023a4c25423-65313037\" >Research Services<\/h2>\n\t<div class=\"wpb_text_column wpb_content_element  vc_custom_1667505822919\" >\n\t\t<div class=\"wpb_wrapper\">\n\t\t\t<p>Within the scope of research services, newsletter subscriptions for economic and strategic conjuncture, sectoral and branch based research\/valuation reports are prepared respectively.<\/p>\n<p>&nbsp;<\/p>\n<ul>\n<li>Newsletter Subscription<\/li>\n<\/ul>\n<p>Strategy Bulletin: A weekly bulletin for assessments of the global economy and markets. The weekly data includes assessments on economic and geopolitical risks.<\/p>\n<p>&nbsp;<\/p>\n<ul>\n<li>Research \/ Valuation Reports<\/li>\n<\/ul>\n<p>Sectoral Research Reports: Preparing research and valuation reports on a sectoral basis including international comparisons for the area of activity is provided.<\/p>\n\n\t\t<\/div>\n\t<\/div>\n<\/div><\/div><\/div><\/div><div id=\"r54\" class=\"vc_row wpb_row vc_row-fluid vc_row-o-full-height vc_row-o-columns-middle vc_row-o-equal-height vc_row-o-content-middle vc_row-flex\"><div class=\"wpb_column vc_column_container vc_col-sm-6 cl-skin-dark vc_col-has-fill\"><div class=\"vc_column-inner vc_custom_1667501391419\"><div class=\"wpb_wrapper\">\n\t<div  class=\"wpb_single_image wpb_content_element vc_align_center\">\n\t\t\n\t\t<figure class=\"wpb_wrapper vc_figure\">\n\t\t\t<div class=\"vc_single_image-wrapper   vc_box_border_grey\"><img class=\"vc_single_image-img\" src=\"https:\/\/lotustradeunion.com\/wp-content\/uploads\/2022\/11\/egitim-1.jpg\" width=\"500\" height=\"500\" alt=\"egitim\" title=\"egitim\" \/><\/div>\n\t\t<\/figure>\n\t<\/div>\n<\/div><\/div><\/div><div class=\"wpb_column vc_column_container vc_col-sm-6 cl-skin-dark\"><div class=\"vc_column-inner\"><div class=\"wpb_wrapper\"><h2 style=\"font-size: 36px;color: #aea699;text-align: center;font-family:PT Serif;font-weight:400;font-style:normal\" class=\"vc_custom_heading cl_custom_heading_69e023a4c318f0-83186548\" >Education Services<\/h2>\n\t<div class=\"wpb_text_column wpb_content_element  vc_custom_1667505900978\" >\n\t\t<div class=\"wpb_wrapper\">\n\t\t\t<p>Within the scope of training services, trainings on sales, marketing, auditing, Personal Data Protection Authority (PDPA), fraud investigations and research activities are given by experienced trainers for institutions operating in the financial sector.<\/p>\n\n\t\t<\/div>\n\t<\/div>\n<\/div><\/div><\/div><\/div><div id=\"r22\" class=\"vc_row wpb_row vc_row-fluid vc_row-o-full-height vc_row-o-columns-middle vc_row-o-equal-height vc_row-o-content-middle vc_row-flex\"><div class=\"wpb_column vc_column_container vc_col-sm-6 cl-skin-dark vc_col-has-fill\"><div class=\"vc_column-inner vc_custom_1667501391419\"><div class=\"wpb_wrapper\">\n\t<div  class=\"wpb_single_image wpb_content_element vc_align_center\">\n\t\t\n\t\t<figure class=\"wpb_wrapper vc_figure\">\n\t\t\t<div class=\"vc_single_image-wrapper   vc_box_border_grey\"><img class=\"vc_single_image-img\" src=\"https:\/\/lotustradeunion.com\/wp-content\/uploads\/2022\/11\/sirket.jpg\" width=\"500\" height=\"500\" alt=\"sirket\" title=\"sirket\" \/><\/div>\n\t\t<\/figure>\n\t<\/div>\n<\/div><\/div><\/div><div class=\"wpb_column vc_column_container vc_col-sm-6 cl-skin-dark\"><div class=\"vc_column-inner\"><div class=\"wpb_wrapper\"><h2 style=\"font-size: 36px;color: #aea699;text-align: center;font-family:PT Serif;font-weight:400;font-style:normal\" class=\"vc_custom_heading cl_custom_heading_69e023a4c3c8e6-25759079\" >Company Valuation and Due Diligence Services<\/h2>\n\t<div class=\"wpb_text_column wpb_content_element  vc_custom_1667505979150\" >\n\t\t<div class=\"wpb_wrapper\">\n\t\t\t<p>The financial strength and the brand value of the companies are important assessment criteria in the processes of purchasing and transfer and\/or different investment decisions. These criteria need to be properly analyzed and interpreted. In this sense, it is important to get support from a professional institution in determining the current situation correctly and taking the right decision on behalf of the company. As LTU Consulting, we are pleased to serve you with our experienced staff for all processes in the execution of your company's procurement, transfer or due diligence processes.<\/p>\n\n\t\t<\/div>\n\t<\/div>\n<\/div><\/div><\/div><\/div><div id=\"r23\" class=\"vc_row wpb_row vc_row-fluid vc_row-o-full-height vc_row-o-columns-middle vc_row-o-equal-height vc_row-o-content-middle vc_row-flex\"><div class=\"wpb_column vc_column_container vc_col-sm-6 cl-skin-dark vc_col-has-fill\"><div class=\"vc_column-inner vc_custom_1667501391419\"><div class=\"wpb_wrapper\">\n\t<div  class=\"wpb_single_image wpb_content_element vc_align_center\">\n\t\t\n\t\t<figure class=\"wpb_wrapper vc_figure\">\n\t\t\t<div class=\"vc_single_image-wrapper   vc_box_border_grey\"><img class=\"vc_single_image-img\" src=\"https:\/\/lotustradeunion.com\/wp-content\/uploads\/2022\/11\/ipo2.jpg\" width=\"500\" height=\"500\" alt=\"ipo2\" title=\"ipo2\" \/><\/div>\n\t\t<\/figure>\n\t<\/div>\n<\/div><\/div><\/div><div class=\"wpb_column vc_column_container vc_col-sm-6 cl-skin-dark\"><div class=\"vc_column-inner\"><div class=\"wpb_wrapper\"><h2 style=\"font-size: 36px;color: #aea699;text-align: center;font-family:PT Serif;font-weight:400;font-style:normal\" class=\"vc_custom_heading cl_custom_heading_69e023a4c47ce2-49317535\" >Public Offering Consultancy Services<\/h2>\n\t<div class=\"wpb_text_column wpb_content_element  vc_custom_1667506030621\" >\n\t\t<div class=\"wpb_wrapper\">\n\t\t\t<p>The success of a public offering process primarily depends on the establishment of the most accurate public offering model according to the company's activity area. Sales of common shares, public offering in the form of capital increase, establishment of real estate investment trust, selection of the right BIST market in the public offering quotation, etc. We are ready to serve with our experienced staff in the public offering processes of all these services.<\/p>\n\n\t\t<\/div>\n\t<\/div>\n<\/div><\/div><\/div><\/div><div id=\"r24\" class=\"vc_row wpb_row vc_row-fluid vc_row-o-full-height vc_row-o-columns-middle vc_row-o-equal-height vc_row-o-content-middle vc_row-flex\"><div class=\"wpb_column vc_column_container vc_col-sm-6 cl-skin-dark vc_col-has-fill\"><div class=\"vc_column-inner vc_custom_1667501391419\"><div class=\"wpb_wrapper\">\n\t<div  class=\"wpb_single_image wpb_content_element vc_align_center\">\n\t\t\n\t\t<figure class=\"wpb_wrapper vc_figure\">\n\t\t\t<div class=\"vc_single_image-wrapper   vc_box_border_grey\"><img class=\"vc_single_image-img\" src=\"https:\/\/lotustradeunion.com\/wp-content\/uploads\/2022\/11\/risk.jpg\" width=\"500\" height=\"500\" alt=\"risk\" title=\"risk\" \/><\/div>\n\t\t<\/figure>\n\t<\/div>\n<\/div><\/div><\/div><div class=\"wpb_column vc_column_container vc_col-sm-6 cl-skin-dark\"><div class=\"vc_column-inner\"><div class=\"wpb_wrapper\"><h2 style=\"font-size: 36px;color: #aea699;text-align: center;font-family:PT Serif;font-weight:400;font-style:normal\" class=\"vc_custom_heading cl_custom_heading_69e023a4c53ba2-94397534\" >Financial Risk Management Services<\/h2>\n\t<div class=\"wpb_text_column wpb_content_element  vc_custom_1667506084181\" >\n\t\t<div class=\"wpb_wrapper\">\n\t\t\t<p>We provide consultancy services to companies for debt restructuring and access to alternative financing sources against fluctuations in the markets and changing conjuncture.<\/p>\n\n\t\t<\/div>\n\t<\/div>\n<\/div><\/div><\/div><\/div><div id=\"r27\" class=\"vc_row wpb_row vc_row-fluid vc_row-o-full-height vc_row-o-columns-middle vc_row-o-equal-height vc_row-o-content-middle vc_row-flex\"><div class=\"wpb_column vc_column_container vc_col-sm-6 cl-skin-dark vc_col-has-fill\"><div class=\"vc_column-inner vc_custom_1667501391419\"><div class=\"wpb_wrapper\">\n\t<div  class=\"wpb_single_image wpb_content_element vc_align_center\">\n\t\t\n\t\t<figure class=\"wpb_wrapper vc_figure\">\n\t\t\t<div class=\"vc_single_image-wrapper   vc_box_border_grey\"><img class=\"vc_single_image-img\" src=\"https:\/\/lotustradeunion.com\/wp-content\/uploads\/2022\/11\/yatirimci.jpg\" width=\"500\" height=\"500\" alt=\"yat\u0131r\u0131mc\u0131\" title=\"yat\u0131r\u0131mc\u0131\" \/><\/div>\n\t\t<\/figure>\n\t<\/div>\n<\/div><\/div><\/div><div class=\"wpb_column vc_column_container vc_col-sm-6 cl-skin-dark\"><div class=\"vc_column-inner\"><div class=\"wpb_wrapper\"><h2 style=\"font-size: 36px;color: #aea699;text-align: center;font-family:PT Serif;font-weight:400;font-style:normal\" class=\"vc_custom_heading cl_custom_heading_69e023a4c61031-17966124\" >Investor Relations Services<\/h2>\n\t<div class=\"wpb_text_column wpb_content_element  vc_custom_1667724304697\" >\n\t\t<div class=\"wpb_wrapper\">\n\t\t\t<p>We provide services for the establishment of investor relations departments and the re-establishment of existing organizations for the most accurate preparation of both domestic and foreign investors in the corporate management processes of the company that is publicly traded or in the public offering stage, and to establish relations with institutional investors in the right way.<\/p>\n\n\t\t<\/div>\n\t<\/div>\n<\/div><\/div><\/div><\/div><div id=\"r28\" class=\"vc_row wpb_row vc_row-fluid vc_row-o-full-height vc_row-o-columns-middle vc_row-o-equal-height vc_row-o-content-middle vc_row-flex\"><div class=\"wpb_column vc_column_container vc_col-sm-6 cl-skin-dark vc_col-has-fill\"><div class=\"vc_column-inner vc_custom_1667501391419\"><div class=\"wpb_wrapper\">\n\t<div  class=\"wpb_single_image wpb_content_element vc_align_center\">\n\t\t\n\t\t<figure class=\"wpb_wrapper vc_figure\">\n\t\t\t<div class=\"vc_single_image-wrapper   vc_box_border_grey\"><img class=\"vc_single_image-img\" src=\"https:\/\/lotustradeunion.com\/wp-content\/uploads\/2023\/03\/hizmetler88.jpg\" width=\"500\" height=\"500\" alt=\"hizmetler88\" title=\"hizmetler88\" \/><\/div>\n\t\t<\/figure>\n\t<\/div>\n<\/div><\/div><\/div><div class=\"wpb_column vc_column_container vc_col-sm-6 cl-skin-dark\"><div class=\"vc_column-inner\"><div class=\"wpb_wrapper\"><h2 style=\"font-size: 36px;color: #aea699;text-align: center;font-family:PT Serif;font-weight:400;font-style:normal\" class=\"vc_custom_heading cl_custom_heading_69e023a4c6c584-94905723\" >Finansal Check-Up (Finansal Durumun G\u00f6zden Ge\u00e7irilmesi) Dan\u0131\u015fmanl\u0131\u011f\u0131<\/h2>\n\t<div class=\"wpb_text_column wpb_content_element  vc_custom_1678053464605\" >\n\t\t<div class=\"wpb_wrapper\">\n\t\t\t<p>Finansal durumun g\u00f6zden ge\u00e7irilmesi dan\u0131\u015fmanl\u0131\u011f\u0131 ile \u015firketlerin bilan\u00e7olar\u0131n\u0131n do\u011fru \u015fekilde yorumlanmas\u0131, ROI-ROE analizleri, Dupont Analizi, ver analizi ve Z-Skor Modeli gibi kavramlar\u0131 uygulamal\u0131 \u015fekilde \u00f6\u011frenerek \u015firket s\u00fcre\u00e7lerinde verimsiz ve t\u0131kan\u0131k s\u00fcre\u00e7lerin kaynaklar\u0131n\u0131 tespit edebilmeleri sa\u011flanmaktad\u0131r.<\/p>\n<p>&nbsp;<\/p>\n<p><strong>Finansal Check-Up (Finansal Durumun G\u00f6zden Ge\u00e7irilmesi) Dan\u0131\u015fmanl\u0131\u011f\u0131 A\u015famalar\u0131<\/strong><br \/>\n\u2022 Finansal Check-up<br \/>\n\u2022 Verimlilik, Nakit Ak\u0131\u015f\u0131 (Likidite), Sermaye yap\u0131s\u0131, Karl\u0131l\u0131k ve De\u011fer analizi<br \/>\n\u2022 Global ve Sekt\u00f6rel katsay\u0131 ve oranlarla kar\u015f\u0131la\u015ft\u0131rma<br \/>\n\u2022 Bilan\u00e7o analizi<br \/>\n\u2022 Bilan\u00e7oyu saat y\u00f6n\u00fcnde ya da saate ters y\u00f6nde \u00e7evirme<br \/>\n\u2022 DuPont analizi, Z-Skor Modeli ve finansal analiz teknikleri<br \/>\n\u2022 \u015eirket s\u00fcre\u00e7lerinde \u201ct\u0131kan\u0131kl\u0131klar\u0131n\u201d tespiti<br \/>\n\u2022 S\u00fcre\u00e7lerdeki aksakl\u0131klara y\u00f6nelik ak\u0131lc\u0131 \u00e7\u00f6z\u00fcmler\u00fc<\/p>\n\n\t\t<\/div>\n\t<\/div>\n<\/div><\/div><\/div><\/div>","protected":false},"excerpt":{"rendered":"Finansal Dan\u0131\u015fmanl\u0131k ve Ko\u00e7luk \u201cFinansal Dan\u0131\u015fmanl\u0131k ve Ko\u00e7luk\u201d ile bu s\u00fcre\u00e7 i\u00e7inde, mevcut ve ge\u00e7mi\u015f finansal durumunuz hakk\u0131nda bilgi edindikten sonra; karakteriniz, beklentileriniz ve ihtiya\u00e7lar\u0131n\u0131za uygun piyasa se\u00e7imleri, risk tercihleri ve i\u015flem \u00e7e\u015fitleri gibi konularda destek vererek, sadece size \u00f6zel [...]","protected":false},"author":1,"featured_media":0,"parent":0,"menu_order":0,"comment_status":"closed","ping_status":"closed","template":"","meta":[],"_links":{"self":[{"href":"https:\/\/lotustradeunion.com\/en\/wp-json\/wp\/v2\/pages\/340"}],"collection":[{"href":"https:\/\/lotustradeunion.com\/en\/wp-json\/wp\/v2\/pages"}],"about":[{"href":"https:\/\/lotustradeunion.com\/en\/wp-json\/wp\/v2\/types\/page"}],"author":[{"embeddable":true,"href":"https:\/\/lotustradeunion.com\/en\/wp-json\/wp\/v2\/users\/1"}],"replies":[{"embeddable":true,"href":"https:\/\/lotustradeunion.com\/en\/wp-json\/wp\/v2\/comments?post=340"}],"version-history":[{"count":31,"href":"https:\/\/lotustradeunion.com\/en\/wp-json\/wp\/v2\/pages\/340\/revisions"}],"predecessor-version":[{"id":485,"href":"https:\/\/lotustradeunion.com\/en\/wp-json\/wp\/v2\/pages\/340\/revisions\/485"}],"wp:attachment":[{"href":"https:\/\/lotustradeunion.com\/en\/wp-json\/wp\/v2\/media?parent=340"}],"curies":[{"name":"wp","href":"https:\/\/api.w.org\/{rel}","templated":true}]}}