{"id":202,"date":"2019-10-02T11:35:07","date_gmt":"2019-10-02T11:35:07","guid":{"rendered":"https:\/\/codeless.co\/regn\/lawyer\/?page_id=202"},"modified":"2022-11-03T21:23:41","modified_gmt":"2022-11-03T21:23:41","slug":"blog","status":"publish","type":"page","link":"https:\/\/lotustradeunion.com\/en\/blog\/","title":{"rendered":"Blog"},"content":{"rendered":"<div class=\"vc_row wpb_row vc_row-fluid\"><div class=\"wpb_column vc_column_container vc_col-sm-12 cl-skin-dark\"><div class=\"vc_column-inner\"><div class=\"wpb_wrapper\"><div id=\"id5d948b63886306-97089603\" class=\"cl-element cl-blog cl-blog--style-modern cl-blog--module-isotope\"  style=\"\">\n    \n\n\n    \n    <div class=\"cl-blog__list cl-items-container\" data-items=\"1\" data-isotope-type=\"fitRows\" data-transition-duration=\"0.4\">\n\n        \n<article id=\"post-480\" class=\"cl-entry cl-isotope-item cl-msn-size-small post-480 post type-post status-publish format-standard has-post-thumbnail hentry category-cenkcoruh\" >\n\t\t\n    \n\t<div class=\"cl-entry__wrapper\">\n\t\n\t\n\t\t<div class=\"cl-entry__wrapper-content\">\n\n\t\t\t\t\t\t\n\t\t\t<header class=\"cl-entry__header\">\n                \n                <div class=\"cl-entry__date-wrapper\">\n                    <span class=\"cl-entry__date-day\">14<\/span>\n                    <div class=\"cl-entry__date-smallpart\">                    \t\n                        <span class=\"cl-entry__date-month\">\/Dec<\/span>\n                        <span class=\"cl-entry__date-year\">2022<\/span>\n                    <\/div>\n                <\/div>\n\n\t\t\t\t<h2 class=\"cl-entry__title\"><a href=\"https:\/\/lotustradeunion.com\/en\/merhabalar\/\" rel=\"bookmark\">Merhabalar<\/a><\/h2>\n                <div class=\"cl-entry__meta-wrapper\">\n\t\t\t\t\n\t\t\t<div class=\"cl-entry__meta cl-entry__meta--date\">\n\t\t\t<span class=\"cl-entry__meta-prepend\"><\/span>\n\t\t\t\t<span class=\"time\"><a href=\"https:\/\/lotustradeunion.com\/en\/merhabalar\/\" rel=\"bookmark\"><time class=\"entry-date published updated\" datetime=\"2022-12-14T09:12:01+00:00\">December 14, 2022<\/time><\/a><\/span>\t\t<\/div><!-- .cl-entry__meta-single -->\n\t\t\t<div class=\"cl-entry__meta cl-entry__meta--category\">\n\t\t\t<span class=\"cl-entry__meta-prepend\">in<\/span>\n\t\t\t\t<span class=\"categories_list\"><a href=\"https:\/\/lotustradeunion.com\/en\/category\/cenkcoruh\/\" rel=\"category tag\">Cenk \u00c7oruh<\/a><\/span>\t\t<\/div><!-- .cl-entry__meta-single -->\n\t\t\t\t\t\n<\/div><!-- .cl-entry__meta -->\n            <\/header><!-- .cl-entry__header -->\n            \n            \n\n\t\t\t\t\n\t\t\t\t\t<div class=\"cl-entry__arrow\"><\/div>\n        <\/div><!-- .cl-entry__wrapper-content -->\n        \n        <div class=\"cl-entry__wrapper-media\">\n\n        \n<div class=\"cl-entry__media\" style=\"\">\n\t\n\t    <div class=\"cl-entry__overlay\"><\/div><!-- Entry Overlay -->\n    <a href=\"https:\/\/lotustradeunion.com\/en\/merhabalar\/\" class=\"cl-entry__overlay-link\"><\/a>\n    \t\n\n\t<div class=\"cl-entry__post-thumbnail\">\n\t\t\n\t\t\n\t\t\n\t\t\t<img   src=\"https:\/\/lotustradeunion.com\/wp-content\/uploads\/2022\/12\/blog2.jpg\" class=\"attachment-codeless_blog_entry size-codeless_blog_entry wp-post-image\" alt=\"\" loading=\"lazy\" sizes=\"(max-width: 700px) 100vw, 700px\" \/>\n\t\t\t\n\t\t\t\t\t\n\t\t\n\t\t\n\n\t<\/div><!-- .cl-entry__post-thumbnail --> \n<\/div><!-- .cl-entry__media --> \t\t\t\t\n\t\t\t\t\n\t\t\t\t\n\t\t\t\t\n\t\t\t\t\n        <\/div>\n\t\t\n\t<\/div><!-- .cl-entry__wrapper -->\n\n<\/article><!-- #post-## -->                         \n        \n    <\/div><!-- .cl-posts__list -->\n\n        \n    <\/div><!-- .cl-posts -->\n\n<\/div><\/div><\/div><\/div>","protected":false},"excerpt":{"rendered":"Merhabalar,G\u00fcn\u00fcm\u00fczde de\u011fi\u015fen konjonkt\u00fcr ile d\u00fcnyada ve \u00f6zellikle T\u00fcrkiye\u2019de \u00e7ok ilgi g\u00f6rmeye ba\u015flayan finansal piyasalar ve trading konular\u0131nda, kurumsal firmalara ve bireysel yat\u0131r\u0131mc\u0131lara dan\u0131\u015fmanl\u0131k hizmeti vermek i\u00e7in kurdu\u011fumuz Lotus Trade Union olu\u015fumuna ait yaz\u0131lar\u0131m\u0131z\u0131 bu blog i\u00e7inde toplayaca\u011f\u0131z. Yaz\u0131lar\u0131m\u0131z\u0131n konular\u0131 i\u00e7inde \u201cfinansal piyasalarda mevcut ve gelecekteki durumla ilgili ekonomik g\u00f6r\u00fc\u015flerimiz\u201d ile birlikte, finansal piyasalarda sa\u011fl\u0131kl\u0131 i\u015flem yapabilmek i\u00e7in gerekli oldu\u011funu d\u00fc\u015f\u00fcnd\u00fc\u011f\u00fcm\u00fcz \u201cdavran\u0131\u015fsal finans, [...]","protected":false},"author":1,"featured_media":0,"parent":0,"menu_order":0,"comment_status":"closed","ping_status":"closed","template":"","meta":[],"_links":{"self":[{"href":"https:\/\/lotustradeunion.com\/en\/wp-json\/wp\/v2\/pages\/202"}],"collection":[{"href":"https:\/\/lotustradeunion.com\/en\/wp-json\/wp\/v2\/pages"}],"about":[{"href":"https:\/\/lotustradeunion.com\/en\/wp-json\/wp\/v2\/types\/page"}],"author":[{"embeddable":true,"href":"https:\/\/lotustradeunion.com\/en\/wp-json\/wp\/v2\/users\/1"}],"replies":[{"embeddable":true,"href":"https:\/\/lotustradeunion.com\/en\/wp-json\/wp\/v2\/comments?post=202"}],"version-history":[{"count":7,"href":"https:\/\/lotustradeunion.com\/en\/wp-json\/wp\/v2\/pages\/202\/revisions"}],"predecessor-version":[{"id":397,"href":"https:\/\/lotustradeunion.com\/en\/wp-json\/wp\/v2\/pages\/202\/revisions\/397"}],"wp:attachment":[{"href":"https:\/\/lotustradeunion.com\/en\/wp-json\/wp\/v2\/media?parent=202"}],"curies":[{"name":"wp","href":"https:\/\/api.w.org\/{rel}","templated":true}]}}