{"id":125,"date":"2019-10-01T15:50:29","date_gmt":"2019-10-01T15:50:29","guid":{"rendered":"https:\/\/codeless.co\/regn\/lawyer\/?page_id=125"},"modified":"2022-12-12T11:45:49","modified_gmt":"2022-12-12T11:45:49","slug":"about-us","status":"publish","type":"page","link":"https:\/\/lotustradeunion.com\/en\/about-us\/","title":{"rendered":"About Us"},"content":{"rendered":"<div class=\"vc_row wpb_row vc_row-fluid\"><div class=\"wpb_column vc_column_container vc_col-sm-6 cl-skin-dark\"><div class=\"vc_column-inner\"><div class=\"wpb_wrapper\">\n\t<div  class=\"wpb_single_image wpb_content_element vc_align_center\">\n\t\t\n\t\t<figure class=\"wpb_wrapper vc_figure\">\n\t\t\t<div class=\"vc_single_image-wrapper   vc_box_border_grey\"><img class=\"vc_single_image-img\" src=\"https:\/\/lotustradeunion.com\/wp-content\/uploads\/2022\/10\/LOTUS6-550x550.jpg\" width=\"550\" height=\"550\" alt=\"LOTUS6\" title=\"LOTUS6\" \/><\/div>\n\t\t<\/figure>\n\t<\/div>\n<\/div><\/div><\/div><div class=\"wpb_column vc_column_container vc_col-sm-6 cl-skin-dark\"><div class=\"vc_column-inner\"><div class=\"wpb_wrapper\"><h4 style=\"color: #000000;text-align: left\" class=\"vc_custom_heading cl_custom_heading_69e0218194d446-93788911\" >LTU<\/h4><h2 style=\"font-size: 36px;color: #aea699;text-align: left;font-family:PT Serif;font-weight:400;font-style:normal\" class=\"vc_custom_heading cl_custom_heading_69e0218194f8a6-38317601\" >ABOUT US<\/h2>\n\t<div class=\"wpb_text_column wpb_content_element\" >\n\t\t<div class=\"wpb_wrapper\">\n\t\t\t<p>Lotus Trade Union took its name from the Lotus flower, which lives on the surface of the water independent of the soil and represents clarity and self-discovery in many cultures due to its self-cleaning feature.<\/p>\n<p>&nbsp;<\/p>\n<p>At LTU, we believe that each investor's perspective on the markets should be clear and unique, just like the lotus flower.<\/p>\n<p>&nbsp;<\/p>\n<p>In this context, we aim to provide services to individual investors, professionals and institutions in financial markets on \"Financial Consulting and Coaching\" for their own expectations and needs.<\/p>\n\n\t\t<\/div>\n\t<\/div>\n<\/div><\/div><\/div><\/div><div data-vc-full-width=\"true\" data-vc-full-width-init=\"false\" class=\"vc_row wpb_row vc_row-fluid vc_custom_1667511132186 vc_row-has-fill\"><div class=\"wpb_column vc_column_container vc_col-sm-12 cl-skin-dark\"><div class=\"vc_column-inner\"><div class=\"wpb_wrapper\"><h4 style=\"font-size: 36px;color: #ffffff;text-align: center;font-family:PT Serif;font-weight:400;font-style:normal\" class=\"vc_custom_heading cl_custom_heading_69e021819579a4-47072934\" >WRITE TO US<\/h4>\n\t<div class=\"wpb_text_column wpb_content_element\" >\n\t\t<div class=\"wpb_wrapper\">\n\t\t\t<p style=\"text-align: center;\"><span style=\"color: #ffffff;\"><a style=\"color: #ffffff;\" href=\"mailto:info@lotustradeunion.com\">info@lotustradeunion.com<\/a><\/span><\/p>\n\n\t\t<\/div>\n\t<\/div>\n<\/div><\/div><\/div><\/div><div class=\"vc_row-full-width vc_clearfix\"><\/div>","protected":false},"excerpt":{"rendered":"LTUHAKKIMIZDA Lotus Trade Union, ismini topraktan ba\u011f\u0131ms\u0131z su y\u00fczeyinde ya\u015fayan, kendisini temizleme \u00f6zelli\u011finden dolay\u0131 bir\u00e7ok k\u00fclt\u00fcrde berrakl\u0131k ve kendini bulmay\u0131 temsil eden Lotus \u00e7i\u00e7e\u011finden alm\u0131\u015ft\u0131r. &nbsp; LTU olarak biz, finansal piyasalardaki her bir yat\u0131r\u0131mc\u0131n\u0131n piyasalara bak\u0131\u015f a\u00e7\u0131lar\u0131n\u0131n da t\u0131pk\u0131 lotus [...]","protected":false},"author":1,"featured_media":0,"parent":0,"menu_order":0,"comment_status":"closed","ping_status":"closed","template":"","meta":[],"_links":{"self":[{"href":"https:\/\/lotustradeunion.com\/en\/wp-json\/wp\/v2\/pages\/125"}],"collection":[{"href":"https:\/\/lotustradeunion.com\/en\/wp-json\/wp\/v2\/pages"}],"about":[{"href":"https:\/\/lotustradeunion.com\/en\/wp-json\/wp\/v2\/types\/page"}],"author":[{"embeddable":true,"href":"https:\/\/lotustradeunion.com\/en\/wp-json\/wp\/v2\/users\/1"}],"replies":[{"embeddable":true,"href":"https:\/\/lotustradeunion.com\/en\/wp-json\/wp\/v2\/comments?post=125"}],"version-history":[{"count":29,"href":"https:\/\/lotustradeunion.com\/en\/wp-json\/wp\/v2\/pages\/125\/revisions"}],"predecessor-version":[{"id":479,"href":"https:\/\/lotustradeunion.com\/en\/wp-json\/wp\/v2\/pages\/125\/revisions\/479"}],"wp:attachment":[{"href":"https:\/\/lotustradeunion.com\/en\/wp-json\/wp\/v2\/media?parent=125"}],"curies":[{"name":"wp","href":"https:\/\/api.w.org\/{rel}","templated":true}]}}